{"id":283,"date":"2013-05-25T14:17:21","date_gmt":"2013-05-25T14:17:21","guid":{"rendered":"http:\/\/eoldev.law.dal.ca\/?page_id=283"},"modified":"2019-11-04T11:40:50","modified_gmt":"2019-11-04T11:40:50","slug":"palliative-interventions-2","status":"publish","type":"page","link":"http:\/\/eol.law.dal.ca\/?page_id=283","title":{"rendered":"Palliative Interventions"},"content":{"rendered":"<p><a href=\"https:\/\/www.who.int\/cancer\/palliative\/definition\/en\/\" target=\"_blank\" rel=\"noopener noreferrer\">Palliative care is an approach that improves the quality of life of patients and their families facing the problems associated with life-threatening illness<\/a>. The focus of care is on controlling pain and other symptoms. Serious illness and dying can also bring emotional, social, and spiritual problems. Your doctors and others caring for you want to make those less difficult as well. They want to give you and your family the best quality of life possible.<\/p>\n<p>&nbsp;<\/p>\n<h2>What are palliative care practices?<\/h2>\n<p>Palliative care includes medical practices that aim to give you relief from pain or other suffering. For example:<\/p>\n<ul>\n<li>drugs for pain<\/li>\n<li>oxygen<\/li>\n<li>feeding through an IV or a tube in the nose<\/li>\n<li>blood products<\/li>\n<li>drugs for nausea (or feeling sick to the stomach)<\/li>\n<li>drugs for anxiety<\/li>\n<\/ul>\n<p>Palliative care can also include counseling and spiritual support.<\/p>\n<p>While all palliative care aims to help you to be as comfortable as possible, two practices that can be part of palliative care may also bring death more quickly. These are called \u201cpotentially life-shortening opioid use\u201d and \u201cpalliative sedation.\u201d<\/p>\n<p>&nbsp;<\/p>\n<h2>What is potentially life-shortening opioid use?<\/h2>\n<p>Doctors commonly treat pain near the end of life by giving opioids. Opioids are drugs used to treat serious pain. They include morphine, codeine, meperidine, and oxycodone.<\/p>\n<p>Opioids can do several things. They can block pain. They can make you feel sleepy. They can relax your muscles. They can also slow down your breathing.<\/p>\n<p>In very rare cases, the amount of the drug needed or the speed at which the drug needs to be given to control your pain may slow breathing so much that it hastens death. In very rare cases, doctors will not be able to tell how much of the drug can be given or how fast it can be given without hastening death.<\/p>\n<p>&nbsp;<\/p>\n<h2>Is potentially life-shortening opioid use legal?<\/h2>\n<p>Canadian courts have said that it can be legal for a doctor to give a patient opioids to manage pain and other forms of suffering \u2014 even enough that they know could hasten death.<\/p>\n<p>The Supreme Court of Canada said in the <a href=\"https:\/\/scc-csc.lexum.com\/scc-csc\/scc-csc\/en\/item\/1054\/index.do\" target=\"_blank\" rel=\"noopener noreferrer\">Sue Rodriguez<\/a> case in 1993 that palliative treatments that could shorten life are not illegal. If a doctor eases pain by giving drugs that they know could cause your death, it is not same as a doctor giving drugs with the goal of bringing death sooner. The difference, said the court, is in the doctor\u2019s intention. The court said that legally the difference is clear.<\/p>\n<p>Similarly, in 2012, the Supreme Court of British Columbia wrote in <a href=\"https:\/\/www.canlii.org\/en\/bc\/bcsc\/doc\/2012\/2012bcsc886\/2012bcsc886.html\" target=\"_blank\" rel=\"noopener noreferrer\">Carter v. Attorney General (Canada)<\/a> \u201cpotentially life-shortening symptom relief is permissible where the physician\u2019s intention is to ease pain.\u201d<\/p>\n<p>&nbsp;<\/p>\n<h2>What is palliative sedation?<\/h2>\n<p>Palliative sedation has been defined in two different ways. Some people define it as giving a patient drugs that cause them to lose consciousness. Others define it as giving a patient drugs that cause them to lose consciousness and stopping any IV fluids and artificial nutrition.<\/p>\n<p>Your doctor might suggest that you or your family ask for palliative sedation when there is no other way to relieve your suffering.<\/p>\n<h2><\/h2>\n<p>&nbsp;<\/p>\n<h2>Is palliative sedation legal?<\/h2>\n<p>If a doctor gives deep and continuous sedation and continues IV fluids and artificial nutrition, this is clearly legal.<\/p>\n<p>However, if a doctor gives deep and continuous sedation and stops IV fluids and artificial nutrition, this may or may not be legal. That will depend on how far away from death the patient is.<\/p>\n<p>Deep and continuous sedation without IV fluids and artificial nutrition is clearly legal when the patient is very close to death. \u201cVery close to death\u201d means death is expected within a couple of days. Any withholding or withdrawal of IV fluids and artificial nutrition would in no way cause the patient\u2019s death.<\/p>\n<p>Deep and continuous sedation without IV fluids and artificial nutrition is likely legal when the patient is close to death. \u201cClose to death\u201d means death is expected within a couple of weeks.\u00a0 Any withholding or withdrawal of IV fluids and artificial nutrition would be unlikely to cause the patient\u2019s death.<\/p>\n<p>Deep and continuous sedation without IV fluids and artificial nutrition may be illegal when death is not expected for many months. Any withholding or withdrawal of IV fluids and artificial nutrition would cause the patient\u2019s death.<\/p>\n<p>The Soci\u00e9t\u00e9 Qu\u00e9b\u00e9coise des m\u00e9decins de soins palliatifs and the Coll\u00e8ge des m\u00e9decins du Qu\u00e9bec have provided <a href=\"http:\/\/www.cmq.org\/publications-pdf\/p-1-2016-08-29-en-sedation-palliative-fin-de-vie.pdf\" target=\"_blank\" rel=\"noopener noreferrer\">practice guidelines<\/a> on palliative sedation at the end of life to help guide physician practice.\u00a0 The Quebec National Assembly also addressed palliative sedation in its <a href=\"http:\/\/www2.publicationsduquebec.gouv.qc.ca\/dynamicSearch\/telecharge.php?type=5&amp;file=2014C2A.PDF\" target=\"_blank\" rel=\"noopener noreferrer\">Act Respecting End-of-Life Care<\/a> \u2013 establishing that Quebeckers have a right to palliative sedation but narrowly defining palliative sedation as not hastening death.<\/p>\n<p>For a full discussion of palliative sedation, see:\u00a0<a href=\"http:\/\/eoldev.law.dal.ca\/wp-content\/uploads\/2018\/07\/MJLH-12.1-Downie-2018-07-04.pdf\">Jocelyn Downie &amp; Richard Liu, \u201cThe Legal Status of Deep and Continuous Palliative Sedation without Artificial Nutrition and Hydration\u201d (2018) 12:1 McGill JL &amp; Health 29<\/a>.<\/p>\n","protected":false},"excerpt":{"rendered":"<p>Palliative care is an approach that improves the quality of life of patients and their families facing the problems associated with life-threatening illness. The focus of care is on controlling pain and other symptoms. Serious illness and dying can also &hellip; <a href=\"http:\/\/eol.law.dal.ca\/?page_id=283\">Continue reading <span class=\"meta-nav\">&rarr;<\/span><\/a><\/p>\n","protected":false},"author":3,"featured_media":0,"parent":0,"menu_order":0,"comment_status":"closed","ping_status":"closed","template":"","meta":{"jetpack_post_was_ever_published":false,"footnotes":""},"class_list":["post-283","page","type-page","status-publish","hentry"],"yoast_head":"<!-- This site is optimized with the Yoast SEO plugin v23.9 - https:\/\/yoast.com\/wordpress\/plugins\/seo\/ -->\n<title>Palliative Interventions -<\/title>\n<meta name=\"description\" content=\"What are palliative interventions? Are they different from euthanasia? What is the legal status of various palliative interventions?\" \/>\n<meta name=\"robots\" content=\"index, follow, max-snippet:-1, max-image-preview:large, max-video-preview:-1\" \/>\n<link rel=\"canonical\" href=\"https:\/\/eol.law.dal.ca\/?page_id=283\" \/>\n<meta property=\"og:locale\" content=\"en_US\" \/>\n<meta property=\"og:type\" content=\"article\" \/>\n<meta property=\"og:title\" content=\"Palliative Interventions -\" \/>\n<meta property=\"og:description\" content=\"What are palliative interventions? Are they different from euthanasia? What is the legal status of various palliative interventions?\" \/>\n<meta property=\"og:url\" content=\"https:\/\/eol.law.dal.ca\/?page_id=283\" \/>\n<meta property=\"article:modified_time\" content=\"2019-11-04T11:40:50+00:00\" \/>\n<meta name=\"twitter:label1\" content=\"Est. reading time\" \/>\n\t<meta name=\"twitter:data1\" content=\"4 minutes\" \/>\n<script type=\"application\/ld+json\" class=\"yoast-schema-graph\">{\"@context\":\"https:\/\/schema.org\",\"@graph\":[{\"@type\":\"WebPage\",\"@id\":\"https:\/\/eol.law.dal.ca\/?page_id=283\",\"url\":\"https:\/\/eol.law.dal.ca\/?page_id=283\",\"name\":\"Palliative Interventions -\",\"isPartOf\":{\"@id\":\"https:\/\/eol.law.dal.ca\/#website\"},\"datePublished\":\"2013-05-25T14:17:21+00:00\",\"dateModified\":\"2019-11-04T11:40:50+00:00\",\"description\":\"What are palliative interventions? Are they different from euthanasia? What is the legal status of various palliative interventions?\",\"breadcrumb\":{\"@id\":\"https:\/\/eol.law.dal.ca\/?page_id=283#breadcrumb\"},\"inLanguage\":\"en-US\",\"potentialAction\":[{\"@type\":\"ReadAction\",\"target\":[\"https:\/\/eol.law.dal.ca\/?page_id=283\"]}]},{\"@type\":\"BreadcrumbList\",\"@id\":\"https:\/\/eol.law.dal.ca\/?page_id=283#breadcrumb\",\"itemListElement\":[{\"@type\":\"ListItem\",\"position\":1,\"name\":\"Home\",\"item\":\"https:\/\/eol.law.dal.ca\/\"},{\"@type\":\"ListItem\",\"position\":2,\"name\":\"Palliative Interventions\"}]},{\"@type\":\"WebSite\",\"@id\":\"https:\/\/eol.law.dal.ca\/#website\",\"url\":\"https:\/\/eol.law.dal.ca\/\",\"name\":\"\",\"description\":\"\",\"potentialAction\":[{\"@type\":\"SearchAction\",\"target\":{\"@type\":\"EntryPoint\",\"urlTemplate\":\"https:\/\/eol.law.dal.ca\/?s={search_term_string}\"},\"query-input\":{\"@type\":\"PropertyValueSpecification\",\"valueRequired\":true,\"valueName\":\"search_term_string\"}}],\"inLanguage\":\"en-US\"}]}<\/script>\n<!-- \/ Yoast SEO plugin. -->","yoast_head_json":{"title":"Palliative Interventions -","description":"What are palliative interventions? Are they different from euthanasia? What is the legal status of various palliative interventions?","robots":{"index":"index","follow":"follow","max-snippet":"max-snippet:-1","max-image-preview":"max-image-preview:large","max-video-preview":"max-video-preview:-1"},"canonical":"https:\/\/eol.law.dal.ca\/?page_id=283","og_locale":"en_US","og_type":"article","og_title":"Palliative Interventions -","og_description":"What are palliative interventions? Are they different from euthanasia? What is the legal status of various palliative interventions?","og_url":"https:\/\/eol.law.dal.ca\/?page_id=283","article_modified_time":"2019-11-04T11:40:50+00:00","twitter_misc":{"Est. reading time":"4 minutes"},"schema":{"@context":"https:\/\/schema.org","@graph":[{"@type":"WebPage","@id":"https:\/\/eol.law.dal.ca\/?page_id=283","url":"https:\/\/eol.law.dal.ca\/?page_id=283","name":"Palliative Interventions -","isPartOf":{"@id":"https:\/\/eol.law.dal.ca\/#website"},"datePublished":"2013-05-25T14:17:21+00:00","dateModified":"2019-11-04T11:40:50+00:00","description":"What are palliative interventions? Are they different from euthanasia? What is the legal status of various palliative interventions?","breadcrumb":{"@id":"https:\/\/eol.law.dal.ca\/?page_id=283#breadcrumb"},"inLanguage":"en-US","potentialAction":[{"@type":"ReadAction","target":["https:\/\/eol.law.dal.ca\/?page_id=283"]}]},{"@type":"BreadcrumbList","@id":"https:\/\/eol.law.dal.ca\/?page_id=283#breadcrumb","itemListElement":[{"@type":"ListItem","position":1,"name":"Home","item":"https:\/\/eol.law.dal.ca\/"},{"@type":"ListItem","position":2,"name":"Palliative Interventions"}]},{"@type":"WebSite","@id":"https:\/\/eol.law.dal.ca\/#website","url":"https:\/\/eol.law.dal.ca\/","name":"","description":"","potentialAction":[{"@type":"SearchAction","target":{"@type":"EntryPoint","urlTemplate":"https:\/\/eol.law.dal.ca\/?s={search_term_string}"},"query-input":{"@type":"PropertyValueSpecification","valueRequired":true,"valueName":"search_term_string"}}],"inLanguage":"en-US"}]}},"jetpack_shortlink":"https:\/\/wp.me\/P3AZmu-4z","jetpack_sharing_enabled":true,"_links":{"self":[{"href":"http:\/\/eol.law.dal.ca\/index.php?rest_route=\/wp\/v2\/pages\/283","targetHints":{"allow":["GET"]}}],"collection":[{"href":"http:\/\/eol.law.dal.ca\/index.php?rest_route=\/wp\/v2\/pages"}],"about":[{"href":"http:\/\/eol.law.dal.ca\/index.php?rest_route=\/wp\/v2\/types\/page"}],"author":[{"embeddable":true,"href":"http:\/\/eol.law.dal.ca\/index.php?rest_route=\/wp\/v2\/users\/3"}],"replies":[{"embeddable":true,"href":"http:\/\/eol.law.dal.ca\/index.php?rest_route=%2Fwp%2Fv2%2Fcomments&post=283"}],"version-history":[{"count":129,"href":"http:\/\/eol.law.dal.ca\/index.php?rest_route=\/wp\/v2\/pages\/283\/revisions"}],"predecessor-version":[{"id":2590,"href":"http:\/\/eol.law.dal.ca\/index.php?rest_route=\/wp\/v2\/pages\/283\/revisions\/2590"}],"wp:attachment":[{"href":"http:\/\/eol.law.dal.ca\/index.php?rest_route=%2Fwp%2Fv2%2Fmedia&parent=283"}],"curies":[{"name":"wp","href":"https:\/\/api.w.org\/{rel}","templated":true}]}}