{"id":2638,"date":"2019-11-04T12:55:47","date_gmt":"2019-11-04T12:55:47","guid":{"rendered":"http:\/\/eoldev.law.dal.ca\/?page_id=2638"},"modified":"2024-05-14T17:06:01","modified_gmt":"2024-05-14T17:06:01","slug":"major-maid-reports","status":"publish","type":"page","link":"http:\/\/eol.law.dal.ca\/?page_id=2638","title":{"rendered":"Major MAiD Reports"},"content":{"rendered":"<h2 style=\"color: black;\">A number of significant reports have been produced over the years. Links are provided below:<\/h2>\n<p>&nbsp;<\/p>\n<ul>\n<li><a href=\"https:\/\/sencanada.ca\/content\/sen\/committee\/351\/euth\/rep\/lad-e.htm\" target=\"_blank\" rel=\"noopener noreferrer\">Special Senate Committee on Euthanasia and Assisted Suicide, Of Life and Death \u2013 Final Report, 1995<\/a><\/li>\n<li><a href=\"https:\/\/rsc-src.ca\/sites\/default\/files\/RSCEndofLifeReport2011_EN_Formatted_FINAL.pdf\" target=\"_blank\" rel=\"noopener noreferrer\">Royal Society of Canada Expert Panel on End-of-Life Decision Making, Report, November 2011<\/a><\/li>\n<li><a href=\"http:\/\/eoldev.law.dal.ca\/wp-content\/uploads\/2019\/11\/Select-Committee-Dying-With-Dignity.pdf\" target=\"_blank\" rel=\"noopener noreferrer\">Quebec National Assembly Select Committee on Dying With Dignity, Report, March 2012<\/a><\/li>\n<li><a href=\"http:\/\/www.health.gov.on.ca\/en\/news\/bulletin\/2015\/docs\/eagreport_20151214_en.pdf\" target=\"_blank\" rel=\"noopener noreferrer\">Provincial-Territorial Expert Advisory Group on Physician-Assisted Dying, Final Report, November 2015<\/a><\/li>\n<li><a href=\"https:\/\/www.justice.gc.ca\/eng\/rp-pr\/other-autre\/pad-amm\/pad.pdf\" target=\"_blank\" rel=\"noopener noreferrer\">Federal Expert Panel on Options for a Legislative Response to <em>Carter v. Canada<\/em>, Consultations on Physician-Assisted Dying: Summary of Results and Key Findings: Final Report, December 2015<\/a><\/li>\n<li><a href=\"https:\/\/www.parl.ca\/DocumentViewer\/en\/42-1\/PDAM\/report-1\" target=\"_blank\" rel=\"noopener noreferrer\">Special Joint Committee on Physician-Assisted Dying, Medical Assistance in Dying: A Patient-Centred Approach, February 2016<\/a><\/li>\n<li><a href=\"https:\/\/cca-reports.ca\/reports\/medical-assistance-in-dying\/\" target=\"_blank\" rel=\"noopener noreferrer\">Council of Canadian Academies Expert Panel on Medical Assistance in Dying, Medical Assistance in Dying: The Expert Panel on Medical Assistance in Dying, December 2018<\/a><\/li>\n<li><a href=\"http:\/\/eoldev.law.dal.ca\/wp-content\/uploads\/2020\/01\/quebec-MAiD-report-2019.pdf\" target=\"_blank\" rel=\"noopener noreferrer\">Le Groupe d\u2019experts sur la question de l\u2019inaptitude et l\u2019aide m\u00e9dicale \u00e0 mourir, L&#8217;aide m\u00e9dicale \u00e0 mourir pour les personnes en situation d&#8217;inaptitude : le juste \u00e9quilibre entre le droit \u00e0 l&#8217;autod\u00e9termination, la compassion et la prudence, October 2019<\/a><\/li>\n<li><a href=\"https:\/\/ampq.org\/wp-content\/uploads\/2020\/12\/mpqdocreflexionammenfinal.pdf\" target=\"_blank\" rel=\"noopener noreferrer\">Association des m\u00e9decins psychiatries du Qu<\/a><a href=\"https:\/\/ampq.org\/wp-content\/uploads\/2020\/12\/mpqdocreflexionammenfinal.pdf\" target=\"_blank\" rel=\"noopener noreferrer\">\u00e9<\/a><a href=\"https:\/\/ampq.org\/wp-content\/uploads\/2020\/12\/mpqdocreflexionammenfinal.pdf\" target=\"_blank\" rel=\"noopener noreferrer\">bec, Access to medical assistance in dying for people with mental disorders: Discussion paper, \u00a0November 2020<\/a><\/li>\n<li><a href=\"https:\/\/www.assnat.qc.ca\/fr\/travaux-parlementaires\/commissions\/cssfv-42- 2\/index.html#documentsReflexion\" target=\"_blank\" rel=\"noopener noreferrer\">Rapport de la Commission sp\u00e9ciale sur l\u2019\u00e9volution de la loi concernant les soins fin de vie, December 2021<\/a><\/li>\n<li><a href=\"https:\/\/parl.ca\/DocumentViewer\/en\/44-1\/AMAD\/report-1\/\" target=\"_blank\" rel=\"noopener noreferrer\">Special Joint Committee on Medical Assistance in Dying, Medical Assistance In Dying And Mental Disorder As The Sole Underlying Condition: An Interim Report, June 2022<\/a><\/li>\n<li><a href=\"https:\/\/www.parl.ca\/DocumentViewer\/en\/44-1\/AMAD\/report-2\" target=\"_blank\" rel=\"noopener noreferrer\">Special Joint Committee on Medical Assistance in Dying: Medical Assistance in Dying: Choices for Canadians, February 2023<\/a><\/li>\n<li><a href=\"https:\/\/www.parl.ca\/documentviewer\/en\/44-1\/AMAD\/report-3\">Special Joint Committee on Medical Assistance in Dying, MAiD and Mental Disorders: The Road Ahead, January 2024<\/a><\/li>\n<\/ul>\n","protected":false},"excerpt":{"rendered":"<p>A number of significant reports have been produced over the years. Links are provided below: &nbsp; Special Senate Committee on Euthanasia and Assisted Suicide, Of Life and Death \u2013 Final Report, 1995 Royal Society of Canada Expert Panel on End-of-Life &hellip; <a href=\"http:\/\/eol.law.dal.ca\/?page_id=2638\">Continue reading <span class=\"meta-nav\">&rarr;<\/span><\/a><\/p>\n","protected":false},"author":4,"featured_media":0,"parent":0,"menu_order":0,"comment_status":"closed","ping_status":"closed","template":"","meta":{"jetpack_post_was_ever_published":false,"footnotes":""},"class_list":["post-2638","page","type-page","status-publish","hentry"],"yoast_head":"<!-- This site is optimized with the Yoast SEO plugin v23.9 - https:\/\/yoast.com\/wordpress\/plugins\/seo\/ -->\n<title>Major MAiD Reports -<\/title>\n<meta name=\"robots\" content=\"index, follow, max-snippet:-1, max-image-preview:large, max-video-preview:-1\" \/>\n<link rel=\"canonical\" href=\"https:\/\/eol.law.dal.ca\/?page_id=2638\" \/>\n<meta property=\"og:locale\" content=\"en_US\" \/>\n<meta property=\"og:type\" content=\"article\" \/>\n<meta property=\"og:title\" content=\"Major MAiD Reports -\" \/>\n<meta property=\"og:description\" content=\"A number of significant reports have been produced over the years. Links are provided below: &nbsp; Special Senate Committee on Euthanasia and Assisted Suicide, Of Life and Death \u2013 Final Report, 1995 Royal Society of Canada Expert Panel on End-of-Life &hellip; Continue reading &rarr;\" \/>\n<meta property=\"og:url\" content=\"https:\/\/eol.law.dal.ca\/?page_id=2638\" \/>\n<meta property=\"article:modified_time\" content=\"2024-05-14T17:06:01+00:00\" \/>\n<meta name=\"twitter:label1\" content=\"Est. reading time\" \/>\n\t<meta name=\"twitter:data1\" content=\"1 minute\" \/>\n<script type=\"application\/ld+json\" class=\"yoast-schema-graph\">{\"@context\":\"https:\/\/schema.org\",\"@graph\":[{\"@type\":\"WebPage\",\"@id\":\"https:\/\/eol.law.dal.ca\/?page_id=2638\",\"url\":\"https:\/\/eol.law.dal.ca\/?page_id=2638\",\"name\":\"Major MAiD Reports -\",\"isPartOf\":{\"@id\":\"http:\/\/eol.law.dal.ca\/#website\"},\"datePublished\":\"2019-11-04T12:55:47+00:00\",\"dateModified\":\"2024-05-14T17:06:01+00:00\",\"breadcrumb\":{\"@id\":\"https:\/\/eol.law.dal.ca\/?page_id=2638#breadcrumb\"},\"inLanguage\":\"en-US\",\"potentialAction\":[{\"@type\":\"ReadAction\",\"target\":[\"https:\/\/eol.law.dal.ca\/?page_id=2638\"]}]},{\"@type\":\"BreadcrumbList\",\"@id\":\"https:\/\/eol.law.dal.ca\/?page_id=2638#breadcrumb\",\"itemListElement\":[{\"@type\":\"ListItem\",\"position\":1,\"name\":\"Home\",\"item\":\"http:\/\/eol.law.dal.ca\/\"},{\"@type\":\"ListItem\",\"position\":2,\"name\":\"Major MAiD Reports\"}]},{\"@type\":\"WebSite\",\"@id\":\"http:\/\/eol.law.dal.ca\/#website\",\"url\":\"http:\/\/eol.law.dal.ca\/\",\"name\":\"\",\"description\":\"\",\"potentialAction\":[{\"@type\":\"SearchAction\",\"target\":{\"@type\":\"EntryPoint\",\"urlTemplate\":\"http:\/\/eol.law.dal.ca\/?s={search_term_string}\"},\"query-input\":{\"@type\":\"PropertyValueSpecification\",\"valueRequired\":true,\"valueName\":\"search_term_string\"}}],\"inLanguage\":\"en-US\"}]}<\/script>\n<!-- \/ Yoast SEO plugin. -->","yoast_head_json":{"title":"Major MAiD Reports -","robots":{"index":"index","follow":"follow","max-snippet":"max-snippet:-1","max-image-preview":"max-image-preview:large","max-video-preview":"max-video-preview:-1"},"canonical":"https:\/\/eol.law.dal.ca\/?page_id=2638","og_locale":"en_US","og_type":"article","og_title":"Major MAiD Reports -","og_description":"A number of significant reports have been produced over the years. Links are provided below: &nbsp; Special Senate Committee on Euthanasia and Assisted Suicide, Of Life and Death \u2013 Final Report, 1995 Royal Society of Canada Expert Panel on End-of-Life &hellip; Continue reading &rarr;","og_url":"https:\/\/eol.law.dal.ca\/?page_id=2638","article_modified_time":"2024-05-14T17:06:01+00:00","twitter_misc":{"Est. reading time":"1 minute"},"schema":{"@context":"https:\/\/schema.org","@graph":[{"@type":"WebPage","@id":"https:\/\/eol.law.dal.ca\/?page_id=2638","url":"https:\/\/eol.law.dal.ca\/?page_id=2638","name":"Major MAiD Reports -","isPartOf":{"@id":"http:\/\/eol.law.dal.ca\/#website"},"datePublished":"2019-11-04T12:55:47+00:00","dateModified":"2024-05-14T17:06:01+00:00","breadcrumb":{"@id":"https:\/\/eol.law.dal.ca\/?page_id=2638#breadcrumb"},"inLanguage":"en-US","potentialAction":[{"@type":"ReadAction","target":["https:\/\/eol.law.dal.ca\/?page_id=2638"]}]},{"@type":"BreadcrumbList","@id":"https:\/\/eol.law.dal.ca\/?page_id=2638#breadcrumb","itemListElement":[{"@type":"ListItem","position":1,"name":"Home","item":"http:\/\/eol.law.dal.ca\/"},{"@type":"ListItem","position":2,"name":"Major MAiD Reports"}]},{"@type":"WebSite","@id":"http:\/\/eol.law.dal.ca\/#website","url":"http:\/\/eol.law.dal.ca\/","name":"","description":"","potentialAction":[{"@type":"SearchAction","target":{"@type":"EntryPoint","urlTemplate":"http:\/\/eol.law.dal.ca\/?s={search_term_string}"},"query-input":{"@type":"PropertyValueSpecification","valueRequired":true,"valueName":"search_term_string"}}],"inLanguage":"en-US"}]}},"jetpack_shortlink":"https:\/\/wp.me\/P3AZmu-Gy","jetpack_sharing_enabled":true,"_links":{"self":[{"href":"http:\/\/eol.law.dal.ca\/index.php?rest_route=\/wp\/v2\/pages\/2638","targetHints":{"allow":["GET"]}}],"collection":[{"href":"http:\/\/eol.law.dal.ca\/index.php?rest_route=\/wp\/v2\/pages"}],"about":[{"href":"http:\/\/eol.law.dal.ca\/index.php?rest_route=\/wp\/v2\/types\/page"}],"author":[{"embeddable":true,"href":"http:\/\/eol.law.dal.ca\/index.php?rest_route=\/wp\/v2\/users\/4"}],"replies":[{"embeddable":true,"href":"http:\/\/eol.law.dal.ca\/index.php?rest_route=%2Fwp%2Fv2%2Fcomments&post=2638"}],"version-history":[{"count":18,"href":"http:\/\/eol.law.dal.ca\/index.php?rest_route=\/wp\/v2\/pages\/2638\/revisions"}],"predecessor-version":[{"id":2833,"href":"http:\/\/eol.law.dal.ca\/index.php?rest_route=\/wp\/v2\/pages\/2638\/revisions\/2833"}],"wp:attachment":[{"href":"http:\/\/eol.law.dal.ca\/index.php?rest_route=%2Fwp%2Fv2%2Fmedia&parent=2638"}],"curies":[{"name":"wp","href":"https:\/\/api.w.org\/{rel}","templated":true}]}}